{"id":31071,"date":"2019-03-18T12:26:27","date_gmt":"2019-03-18T10:26:27","guid":{"rendered":"http:\/\/localhost\/tinosvillanew\/homepage_fr\/"},"modified":"2019-03-18T17:21:10","modified_gmt":"2019-03-18T15:21:10","slug":"homepage_fr","status":"publish","type":"page","link":"https:\/\/www.tinosvilla.gr\/fr\/","title":{"rendered":"Page d&rsquo;accueil"},"content":{"rendered":"<div class=\"wpb-content-wrapper\"><p>[vc_row full_width=\u00a0\u00bbstretch_row_content\u00a0\u00bb el_id=\u00a0\u00bblink\u00a0\u00bb css=\u00a0\u00bb.vc_custom_1552908701280{margin-top: -138px !important;background-color: #f2f2f2 !important;}\u00a0\u00bb][vc_column]<div class=\"clearboth\"><\/div><style>#thegem-divider-69edfc2f09ed3 {margin-top: 40px !important;}<\/style><div id=\"thegem-divider-69edfc2f09ed3\" class=\"gem-divider  \" style=\"\" ><\/div>[vc_column_text css_animation=\u00a0\u00bbfadeIn\u00a0\u00bb]<\/p>\n<div class=\"title-h2\" style=\"text-align: center;\"><span style=\"color: #2f445e;\">01 \/<\/span> <span class=\"light\" style=\"color: #464646; letter-spacing: 10px;\">Hebergemen<\/span><\/div>\n<p>[\/vc_column_text][vc_row_inner css=\u00a0\u00bb.vc_custom_1548673278317{margin-top: 40px !important;}\u00a0\u00bb][vc_column_inner width=\u00a0\u00bb1\/3&Prime; css=\u00a0\u00bb.vc_custom_1548672310573{margin-top: 40px !important;}\u00a0\u00bb][vc_column_text css_animation=\u00a0\u00bbfadeInLeft\u00a0\u00bb]<\/p>\n<h2 style=\"text-align: center;\"><span style=\"color: #30445f;\">PROPRIETE EN BORD <\/span><\/h2>\n<h2 style=\"text-align: center;\"><span style=\"color: #30445f;\">DE MER<\/span><\/h2>\n<p style=\"text-align: center;\">Terrain de 5000 m\u00b2 avec une vue magnifique<\/p>\n<p>[\/vc_column_text][\/vc_column_inner][vc_column_inner width=\u00a0\u00bb1\/3&Prime; css=\u00a0\u00bb.vc_custom_1548672891596{margin-top: 40px !important;}\u00a0\u00bb][vc_column_text css_animation=\u00a0\u00bbfadeIn\u00a0\u00bb]<\/p>\n<h2 style=\"text-align: center;\"><span style=\"color: #30445f;\">320 m\u00b2 ESPACE DE VIE<br \/>\n<\/span><\/h2>\n<p style=\"text-align: center;\">Partag\u00e9 entre deux maisons compl\u00e8tes et distinctes<\/p>\n<p>[\/vc_column_text][\/vc_column_inner][vc_column_inner width=\u00a0\u00bb1\/3&Prime; css=\u00a0\u00bb.vc_custom_1548673328822{margin-top: 40px !important;}\u00a0\u00bb][vc_column_text css_animation=\u00a0\u00bbfadeInRight\u00a0\u00bb]<\/p>\n<h2 style=\"text-align: center;\"><span style=\"color: #30445f;\">72 m\u00b2<br \/>\nPISCINE<\/span><\/h2>\n<p style=\"text-align: center;\">Enti\u00e8rement \u00e9quip\u00e9e, eau de mer, magnifique vue sur la mer!<\/p>\n<p>[\/vc_column_text][\/vc_column_inner][\/vc_row_inner][vc_row_inner css=\u00a0\u00bb.vc_custom_1548673278317{margin-top: 40px !important;}\u00a0\u00bb][vc_column_inner width=\u00a0\u00bb1\/3&Prime; css=\u00a0\u00bb.vc_custom_1548672310573{margin-top: 40px !important;}\u00a0\u00bb][vc_column_text css_animation=\u00a0\u00bbfadeInLeft\u00a0\u00bb]<\/p>\n<h2 style=\"text-align: center;\"><span style=\"color: #30445f;\">PLAGE PRIVEE<\/span><\/h2>\n<p style=\"text-align: center;\">Plage rocheuse au pied de la villa, r\u00e9serv\u00e9e aux residents<\/p>\n<p>[\/vc_column_text][\/vc_column_inner][vc_column_inner width=\u00a0\u00bb1\/3&Prime; css=\u00a0\u00bb.vc_custom_1548672891596{margin-top: 40px !important;}\u00a0\u00bb][vc_column_text css_animation=\u00a0\u00bbfadeIn\u00a0\u00bb]<\/p>\n<h2 style=\"text-align: center;\"><span style=\"color: #30445f;\">5 CHAMBRES<\/span><\/h2>\n<p style=\"text-align: center;\">Une grande chambre \u00e9quip\u00e9e de matelas de qualit\u00e9 sup\u00e9rieure (neufs)<\/p>\n<p>[\/vc_column_text][\/vc_column_inner][vc_column_inner width=\u00a0\u00bb1\/3&Prime; css=\u00a0\u00bb.vc_custom_1548673328822{margin-top: 40px !important;}\u00a0\u00bb][vc_column_text css_animation=\u00a0\u00bbfadeInRight\u00a0\u00bb]<\/p>\n<h2 style=\"text-align: center;\"><span style=\"color: #30445f;\">4 SALLES DE BAIN<\/span><\/h2>\n<p style=\"text-align: center;\">Beaucoup d\u2019eau chaude, 400 L gr\u00e2ce au soleil grec<\/p>\n<p>[\/vc_column_text][\/vc_column_inner][\/vc_row_inner][vc_row_inner css=\u00a0\u00bb.vc_custom_1548673278317{margin-top: 40px !important;}\u00a0\u00bb][vc_column_inner width=\u00a0\u00bb1\/3&Prime; css=\u00a0\u00bb.vc_custom_1548672310573{margin-top: 40px !important;}\u00a0\u00bb][vc_column_text css_animation=\u00a0\u00bbfadeInLeft\u00a0\u00bb]<\/p>\n<h2 style=\"text-align: center;\"><span style=\"color: #30445f;\">3 BARBECUES<\/span><\/h2>\n<p style=\"text-align: center;\">Cuisinez avec vue sur la Mer Eg\u00e9e<\/p>\n<p>[\/vc_column_text][\/vc_column_inner][vc_column_inner width=\u00a0\u00bb1\/3&Prime; css=\u00a0\u00bb.vc_custom_1548672891596{margin-top: 40px !important;}\u00a0\u00bb][vc_column_text css_animation=\u00a0\u00bbfadeIn\u00a0\u00bb]<\/p>\n<h2 style=\"text-align: center;\"><span style=\"color: #30445f;\">IMMENSE JARDIN<\/span><\/h2>\n<p style=\"text-align: center;\">Complet avec arbres et plantes aromatiques locales<\/p>\n<p>[\/vc_column_text][\/vc_column_inner][vc_column_inner width=\u00a0\u00bb1\/3&Prime; css=\u00a0\u00bb.vc_custom_1548673328822{margin-top: 40px !important;}\u00a0\u00bb][vc_column_text css_animation=\u00a0\u00bbfadeInRight\u00a0\u00bb]<\/p>\n<h2 style=\"text-align: center;\"><span style=\"color: #30445f;\">2 GARAGES<\/span><\/h2>\n<p style=\"text-align: center;\">2 garages voiture<\/p>\n<p>[\/vc_column_text][\/vc_column_inner][\/vc_row_inner][vc_row_inner css=\u00a0\u00bb.vc_custom_1548673278317{margin-top: 40px !important;}\u00a0\u00bb][vc_column_inner width=\u00a0\u00bb1\/2&Prime; css=\u00a0\u00bb.vc_custom_1548672310573{margin-top: 40px !important;}\u00a0\u00bb][vc_column_text css_animation=\u00a0\u00bbfadeInLeft\u00a0\u00bb]<\/p>\n<h2 style=\"text-align: center;\"><span style=\"color: #30445f;\">SALLE DE JEUX<\/span><\/h2>\n<p style=\"text-align: center;\">Table de ping-pong, fl\u00e9chettes entre autres<\/p>\n<p>[\/vc_column_text][\/vc_column_inner][vc_column_inner width=\u00a0\u00bb1\/2&Prime; css=\u00a0\u00bb.vc_custom_1548672891596{margin-top: 40px !important;}\u00a0\u00bb][vc_column_text css_animation=\u00a0\u00bbfadeInRight\u00a0\u00bb]<\/p>\n<h2 style=\"text-align: center;\"><span style=\"color: #30445f;\">TELE, STEREO, WI-FI HAUTE VITESSE<\/span><\/h2>\n<p style=\"text-align: center;\">T\u00e9l\u00e9, St\u00e9r\u00e9o, Wi-Fi haute vitesse inclus<\/p>\n<p>[\/vc_column_text][\/vc_column_inner][\/vc_row_inner]<style type=\"text\/css\">.thegem-button-69edfc2f09f7e4589 .gem-button svg {fill: #2f445e;}.thegem-button-69edfc2f09f7e4589 .gem-button:hover svg {fill: #ffffff;}<\/style><div class=\"gem-button-container gem-button-position-center thegem-button-69edfc2f09f7e4589    \"  ><a class=\"gem-button gem-button-size-large gem-button-style-outline gem-button-text-weight-thin gem-button-border-2\" data-ll-effect=\"drop-right-without-wrap\" style=\"border-radius: 3px;border-color: #2f445e;color: #2f445e;\" onmouseleave=\"this.style.borderColor='#2f445e';this.style.backgroundColor='transparent';this.style.color='#2f445e';\" onmouseenter=\"this.style.borderColor='#2f445e';this.style.backgroundColor='#2f445e';this.style.color='#ffffff';\" href=\"\/fr\/hebergement\/\" target=\"_self\">EN D\u00c9TAIL<\/a><\/div> [\/vc_column][\/vc_row][vc_row][vc_column]<div class=\"clearboth\"><\/div><style>#thegem-divider-69edfc2f09fbd {margin-top: 25px !important;}<\/style><div id=\"thegem-divider-69edfc2f09fbd\" class=\"gem-divider  \" style=\"\" ><\/div>[\/vc_column][\/vc_row][vc_row css=\u00a0\u00bb.vc_custom_1459858176418{margin-bottom: 0px !important;}\u00a0\u00bb][vc_column width=\u00a0\u00bb5\/12&Prime; css=\u00a0\u00bb.vc_custom_1459854746176{padding-right: 0px !important;padding-left: 0px !important;}\u00a0\u00bb][vc_column_text]<\/p>\n<div class=\"title-h1\"><span style=\"color: #ada8a8; font-size: 50px;\">CE QUE NOUS OFFRONS<\/span><\/div>\n<p>[\/vc_column_text][\/vc_column][vc_column width=\u00a0\u00bb7\/12&Prime; css=\u00a0\u00bb.vc_custom_1461148814173{padding-right: 0px !important;padding-left: 0px !important;}\u00a0\u00bb]<div class=\"clearboth\"><\/div><style>#thegem-divider-69edfc2f09fe9 {margin-top: 35px !important;}<\/style><div id=\"thegem-divider-69edfc2f09fe9\" class=\"gem-divider   gem-divider-style-2\" style=\"border-color: #2f445e;\" ><\/div>[\/vc_column][\/vc_row][vc_row css=\u00a0\u00bb.vc_custom_1461148598737{margin-bottom: 20px !important;}\u00a0\u00bb][vc_column css=\u00a0\u00bb.vc_custom_1459955499840{margin-top: -5px !important;margin-bottom: -30px !important;padding-right: 0px !important;padding-left: 0px !important;}\u00a0\u00bb offset=\u00a0\u00bbvc_col-lg-7&Prime;]<div class=\"quickfinder quickfinder-style-classic quickfinder-binded row inline-row quickfinder-icon-position-top-float quickfinder-alignment-left quickfinder-title-thin\" data-hover-icon-color=\"#e5bf93\" data-hover-title-color=\"#e5bf93\" data-hover-description-color=\"#4f4f4f\"><div id=\"post-31035\" class=\"quickfinder-item inline-column col-md-6 col-sm-6 col-xs-12 quickfinder-item-effect-simple icon-size-medium quickfinder-box-style-solid post-31035 thegem_qf_item type-thegem_qf_item status-publish\" data-ll-item-delay=\"0\"> <div class=\"quickfinder-item-box\" style=\"\"> <div class=\"quickfinder-item-table\">\t<div class=\"quickfinder-item-inner\"> <div class=\"quickfinder-item-image\"> <div class=\"quickfinder-item-image-content\" > <div class=\"quickfinder-item-image-wrapper\"> <div class=\"gem-icon gem-icon-pack-elegant gem-icon-size-medium gem-icon-shape-circle gem-simple-icon\" style=\"opacity: 1;\"><div class=\"gem-icon-inner\" style=\"\"><span class=\"gem-icon-half-1\" style=\"color: #2F445E;\"><span class=\"back-angle\">&#x35;<\/span><\/span><span class=\"gem-icon-half-2\" style=\"color: #2F445E;\"><span class=\"back-angle\">&#x35;<\/span><\/span><\/div><\/div> <\/div> <\/div> <\/div> <div class=\"quickfinder-item-info-wrapper\"> <div class=\"quickfinder-item-info \" > <div class=\"quickfinder-item-title\" style=\"color: #2F445E;\">TOURISME<\/div> <div class=\"quickfinder-item-text\" style=\"color: #a9a9a9;\">D\u00e9couvrez les sites, plages et villages...avec notre aide<\/div> <\/div> <\/div> <\/div> <\/div>\t<\/div> <a href=\"\/fr\/activites\/#beaches\" target=\"_self\" class=\"quickfinder-item-link\" aria-label=\"TOURISME\"><\/a> <\/div> <div id=\"post-31036\" class=\"quickfinder-item inline-column col-md-6 col-sm-6 col-xs-12 quickfinder-item-effect-simple icon-size-medium quickfinder-box-style-solid post-31036 thegem_qf_item type-thegem_qf_item status-publish\" data-ll-item-delay=\"0\"> <div class=\"quickfinder-item-box\" style=\"\"> <div class=\"quickfinder-item-table\">\t<div class=\"quickfinder-item-inner\"> <div class=\"quickfinder-item-image\"> <div class=\"quickfinder-item-image-content\" > <div class=\"quickfinder-item-image-wrapper\"> <div class=\"gem-icon gem-icon-pack-elegant gem-icon-size-medium gem-icon-shape-circle gem-simple-icon\" style=\"opacity: 1;\"><div class=\"gem-icon-inner\" style=\"\"><span class=\"gem-icon-half-1\" style=\"color: #2F445E;\"><span class=\"back-angle\">&#x35;<\/span><\/span><span class=\"gem-icon-half-2\" style=\"color: #2F445E;\"><span class=\"back-angle\">&#x35;<\/span><\/span><\/div><\/div> <\/div> <\/div> <\/div> <div class=\"quickfinder-item-info-wrapper\"> <div class=\"quickfinder-item-info \" > <div class=\"quickfinder-item-title\" style=\"color: #2F445E;\">PLONGEE SOUS-MARINE<\/div> <div class=\"quickfinder-item-text\" style=\"color: #a9a9a9;\">La meilleure \u00e9cole de plong\u00e9e de l\u2019\u00eele se trouve sur la plage la plus proche de la villa, \u00e0 Balos. Apprenez \u00e0 plonger dans la belle Mer Eg\u00e9e.<\/div> <\/div> <\/div> <\/div> <\/div>\t<\/div> <a href=\"\/fr\/services-sur-mesure\/#scubadiving\" target=\"_self\" class=\"quickfinder-item-link\" aria-label=\"PLONGEE SOUS-MARINE\"><\/a> <\/div> <div id=\"post-31037\" class=\"quickfinder-item inline-column col-md-6 col-sm-6 col-xs-12 quickfinder-item-effect-simple icon-size-medium quickfinder-box-style-solid post-31037 thegem_qf_item type-thegem_qf_item status-publish\" data-ll-item-delay=\"0\"> <div class=\"quickfinder-item-box\" style=\"\"> <div class=\"quickfinder-item-table\">\t<div class=\"quickfinder-item-inner\"> <div class=\"quickfinder-item-image\"> <div class=\"quickfinder-item-image-content\" > <div class=\"quickfinder-item-image-wrapper\"> <div class=\"gem-icon gem-icon-pack-elegant gem-icon-size-medium gem-icon-shape-circle gem-simple-icon\" style=\"opacity: 1;\"><div class=\"gem-icon-inner\" style=\"\"><span class=\"gem-icon-half-1\" style=\"color: #2F445E;\"><span class=\"back-angle\">&#x35;<\/span><\/span><span class=\"gem-icon-half-2\" style=\"color: #2F445E;\"><span class=\"back-angle\">&#x35;<\/span><\/span><\/div><\/div> <\/div> <\/div> <\/div> <div class=\"quickfinder-item-info-wrapper\"> <div class=\"quickfinder-item-info \" > <div class=\"quickfinder-item-title\" style=\"color: #2F445E;\">EXCURSIONS AUX ALENTOURS<\/div> <div class=\"quickfinder-item-text\" style=\"color: #a9a9a9;\">Nous pouvons vous aider \u00e0 r\u00e9server des excursions sur les \u00eeles voisines et des visites de Tinos.<\/div> <\/div> <\/div> <\/div> <\/div>\t<\/div> <a href=\"\/fr\/services-sur-mesure\/#shorttripsaround\" target=\"_self\" class=\"quickfinder-item-link\" aria-label=\"EXCURSIONS AUX ALENTOURS\"><\/a> <\/div> <div id=\"post-31038\" class=\"quickfinder-item inline-column col-md-6 col-sm-6 col-xs-12 quickfinder-item-effect-simple icon-size-medium quickfinder-box-style-solid post-31038 thegem_qf_item type-thegem_qf_item status-publish\" data-ll-item-delay=\"0\"> <div class=\"quickfinder-item-box\" style=\"\"> <div class=\"quickfinder-item-table\">\t<div class=\"quickfinder-item-inner\"> <div class=\"quickfinder-item-image\"> <div class=\"quickfinder-item-image-content\" > <div class=\"quickfinder-item-image-wrapper\"> <div class=\"gem-icon gem-icon-pack-elegant gem-icon-size-medium gem-icon-shape-circle gem-simple-icon\" style=\"opacity: 1;\"><div class=\"gem-icon-inner\" style=\"\"><span class=\"gem-icon-half-1\" style=\"color: #2F445E;\"><span class=\"back-angle\">&#x35;<\/span><\/span><span class=\"gem-icon-half-2\" style=\"color: #2F445E;\"><span class=\"back-angle\">&#x35;<\/span><\/span><\/div><\/div> <\/div> <\/div> <\/div> <div class=\"quickfinder-item-info-wrapper\"> <div class=\"quickfinder-item-info \" > <div class=\"quickfinder-item-title\" style=\"color: #2F445E;\">SERVICE RESERVATIONS<\/div> <div class=\"quickfinder-item-text\" style=\"color: #a9a9a9;\">Nous pouvons vous aider \u00e0 r\u00e9server dans les meilleurs restaurants et tavernes de l\u2019\u00eele, ainsi que du baby-sitting<\/div> <\/div> <\/div> <\/div> <\/div>\t<\/div> <a href=\"\/fr\/services-sur-mesure\/#bookingservice\" target=\"_self\" class=\"quickfinder-item-link\" aria-label=\"SERVICE RESERVATIONS\"><\/a> <\/div> <\/div>[\/vc_column][vc_column width=\u00a0\u00bb5\/12&Prime; css=\u00a0\u00bb.vc_custom_1461148978687{margin-top: -123px !important;padding-right: 0px !important;padding-left: 42px !important;background-position: center !important;background-repeat: no-repeat !important;background-size: cover !important;}\u00a0\u00bb offset=\u00a0\u00bbvc_hidden-md vc_hidden-sm vc_hidden-xs\u00a0\u00bb]<div class=\"gem-image gem-wrapbox gem-wrapbox-style-default gem-wrapbox-position-right  thegem-custom-69edfc2f0bd167456\"  style=\"height: 445px;\" ><div class=\"gem-wrapbox-inner \" ><img class=\"gem-wrapbox-element img-responsive\" src=\"https:\/\/www.tinosvilla.gr\/wp-content\/uploads\/2019\/01\/front_we_do.jpg\" alt=\"\"\/><\/div><\/div>[\/vc_column][\/vc_row][vc_row css=\u00a0\u00bb.vc_custom_1548936435157{margin-bottom: 0px !important;background-color: #2f445e !important;}\u00a0\u00bb][vc_column][vc_column_text css=\u00a0\u00bb.vc_custom_1548930718441{padding-top: 20px !important;}\u00a0\u00bb]<\/p>\n<div class=\"title-h2\" style=\"text-align: center;\"><span style=\"color: #ffffff;\">02 \/<\/span> <span class=\"light\" style=\"color: #fff; letter-spacing: 10px;\">ACTIVITES TINOS<\/span><\/div>\n<p>[\/vc_column_text][\/vc_column][\/vc_row][vc_row full_width=\u00a0\u00bbstretch_row_content_no_spaces\u00a0\u00bb gap=\u00a0\u00bb5&Prime; css=\u00a0\u00bb.vc_custom_1550004739872{margin-bottom: 0px !important;background-color: #2f445e !important;}\u00a0\u00bb][vc_column width=\u00a0\u00bb1\/4&Prime;][vc_single_image image=\u00a0\u00bb31162&Prime; img_size=\u00a0\u00bbfull\u00a0\u00bb alignment=\u00a0\u00bbcenter\u00a0\u00bb style=\u00a0\u00bbvc_box_border\u00a0\u00bb border_color=\u00a0\u00bbwhite\u00a0\u00bb onclick=\u00a0\u00bbcustom_link\u00a0\u00bb css_animation=\u00a0\u00bbfadeInLeft\u00a0\u00bb link=\u00a0\u00bb\/fr\/activites\/#beaches\u00a0\u00bb][vc_column_text css_animation=\u00a0\u00bbfadeIn\u00a0\u00bb]<\/p>\n<p style=\"text-align: center;\"><a href=\"\/fr\/activites\/#beaches\"><span style=\"color: #ffffff;\">Explorez les plages<\/span><\/a><\/p>\n<p>[\/vc_column_text][\/vc_column][vc_column width=\u00a0\u00bb1\/4&Prime;][vc_single_image image=\u00a0\u00bb31206&Prime; img_size=\u00a0\u00bbfull\u00a0\u00bb alignment=\u00a0\u00bbcenter\u00a0\u00bb style=\u00a0\u00bbvc_box_border\u00a0\u00bb border_color=\u00a0\u00bbwhite\u00a0\u00bb onclick=\u00a0\u00bbcustom_link\u00a0\u00bb css_animation=\u00a0\u00bbfadeInLeft\u00a0\u00bb link=\u00a0\u00bb\/fr\/activites\/#museums\u00a0\u00bb][vc_column_text css_animation=\u00a0\u00bbfadeIn\u00a0\u00bb]<\/p>\n<p style=\"text-align: center;\"><a href=\"\/fr\/activites\/#museums\"><span style=\"color: #ffffff;\">Visitez les mus\u00e9es<\/span><\/a><\/p>\n<p>[\/vc_column_text][\/vc_column][vc_column width=\u00a0\u00bb1\/4&Prime;][vc_single_image image=\u00a0\u00bb31078&Prime; img_size=\u00a0\u00bbfull\u00a0\u00bb alignment=\u00a0\u00bbcenter\u00a0\u00bb style=\u00a0\u00bbvc_box_border\u00a0\u00bb border_color=\u00a0\u00bbwhite\u00a0\u00bb onclick=\u00a0\u00bbcustom_link\u00a0\u00bb css_animation=\u00a0\u00bbfadeInRight\u00a0\u00bb link=\u00a0\u00bb\/fr\/activites\/#gastronomyfoodpaths\u00a0\u00bb][vc_column_text css_animation=\u00a0\u00bbfadeIn\u00a0\u00bb]<\/p>\n<p style=\"text-align: center;\"><a href=\"\/fr\/activites\/#gastronomyfoodpaths\"><span style=\"color: #ffffff;\">Gastronomie<\/span><\/a><\/p>\n<p>[\/vc_column_text][\/vc_column][vc_column width=\u00a0\u00bb1\/4&Prime; css=\u00a0\u00bb.vc_custom_1548931830595{margin-bottom: 40px !important;}\u00a0\u00bb][vc_single_image image=\u00a0\u00bb31140&Prime; img_size=\u00a0\u00bbfull\u00a0\u00bb alignment=\u00a0\u00bbcenter\u00a0\u00bb style=\u00a0\u00bbvc_box_border\u00a0\u00bb border_color=\u00a0\u00bbwhite\u00a0\u00bb onclick=\u00a0\u00bbcustom_link\u00a0\u00bb css_animation=\u00a0\u00bbfadeInRight\u00a0\u00bb link=\u00a0\u00bb\/fr\/activites\/#villages\u00a0\u00bb][vc_column_text css_animation=\u00a0\u00bbfadeIn\u00a0\u00bb]<\/p>\n<p style=\"text-align: center;\"><a href=\"\/fr\/activites\/#villages\"><span style=\"color: #ffffff;\">Explorez les villages et la culture locale<\/span><\/a><\/p>\n<p>[\/vc_column_text][\/vc_column][\/vc_row][vc_row full_width=\u00a0\u00bbstretch_row_content\u00a0\u00bb css=\u00a0\u00bb.vc_custom_1550004764065{margin-top: -60px !important;background-color: #2f445e !important;}\u00a0\u00bb][vc_column]<style type=\"text\/css\">.thegem-button-69edfc2f0be477744 .gem-button svg {fill: #ffffff;}.thegem-button-69edfc2f0be477744 .gem-button:hover svg {fill: #2f445e;}<\/style><div class=\"gem-button-container gem-button-position-center thegem-button-69edfc2f0be477744    \"  ><a class=\"gem-button gem-button-size-medium gem-button-style-outline gem-button-text-weight-thin gem-button-border-2\" data-ll-effect=\"drop-right-without-wrap\" style=\"border-radius: 3px;border-color: #ffffff;color: #ffffff;\" onmouseleave=\"this.style.borderColor='#ffffff';this.style.backgroundColor='transparent';this.style.color='#ffffff';\" onmouseenter=\"this.style.borderColor='#2f445e';this.style.backgroundColor='#ffffff';this.style.color='#2f445e';\" href=\"\/fr\/activites\/\" target=\"_self\">TOUTES LES ACTIVIT\u00c9S<\/a><\/div> [vc_empty_space][\/vc_column][\/vc_row][vc_row][vc_column]<div class=\"clearboth\"><\/div><style>#thegem-divider-69edfc2f0be7d {margin-top: 60px !important;}<\/style><div id=\"thegem-divider-69edfc2f0be7d\" class=\"gem-divider  \" style=\"\" ><\/div><div data-number-format=\"(ddd).ddd\" class=\"gem-counter-box row inline-row inline-row-center gem-counter-style-1 lazy-loading lazy-loading-not-hide\" ><div class=\"gem-counter col-md-3 col-sm-4 col-xs-6 inline-column gem-counter-effect-simple\" ><div class=\"gem-counter-inner\"><div class=\"gem-counter-number\" style=\"color: #464646\"><div class=\"gem-counter-odometer\" data-to=\"320\">0<\/div><\/div><div class=\"gem-counter-text styled-subtitle\" style=\"color: #464646\">m\u00b2 de surface habitable<\/div><\/div><\/div><div class=\"gem-counter col-md-3 col-sm-4 col-xs-6 inline-column gem-counter-effect-simple\" ><div class=\"gem-counter-inner\"><div class=\"gem-counter-number\" style=\"color: #464646\"><div class=\"gem-counter-odometer\" data-to=\"72\">0<\/div><\/div><div class=\"gem-counter-text styled-subtitle\" style=\"color: #464646\">m\u00b2 piscine<\/div><\/div><\/div><div class=\"gem-counter col-md-3 col-sm-4 col-xs-6 inline-column gem-counter-effect-simple\" ><div class=\"gem-counter-inner\"><div class=\"gem-counter-number\" style=\"color: #464646\"><div class=\"gem-counter-odometer\" data-to=\"5\">0<\/div><\/div><div class=\"gem-counter-text styled-subtitle\" style=\"color: #464646\">chambres \u00e0 coucher<\/div><\/div><\/div><div class=\"gem-counter col-md-3 col-sm-4 col-xs-6 inline-column gem-counter-effect-simple\" ><div class=\"gem-counter-inner\"><div class=\"gem-counter-number\" style=\"color: #464646\"><div class=\"gem-counter-odometer\" data-to=\"4\">0<\/div><\/div><div class=\"gem-counter-text styled-subtitle\" style=\"color: #464646\">bains et wc<\/div><\/div><\/div><\/div>[\/vc_column][\/vc_row][vc_row][vc_column]<div id=\"fullwidth-block-69edfc2f0c039\" class=\"fullwidth-block fullwidth-block-parallax-vertical clearfix\" data-mobile-parallax-enable=\"0\" style=\"padding-top: 50px;padding-bottom: 120px;\"><script type=\"text\/javascript\">if (typeof(gem_fix_fullwidth_position) == \"function\") { gem_fix_fullwidth_position(document.getElementById(\"fullwidth-block-69edfc2f0c039\")); }<\/script><div class=\"fullwidth-block-background\" style=\"background-image: url(https:\/\/www.tinosvilla.gr\/wp-content\/uploads\/2019\/01\/test_parallax-1.jpg);background-repeat: no-repeat; background-size: cover;background-position: center center;\"><\/div><div class=\"fullwidth-block-inner\">[vc_column_text css=\u00a0\u00bb.vc_custom_1549374573227{padding-top: 60px !important;}\u00a0\u00bb]<\/p>\n<div class=\"title-h2\" style=\"text-align: center;\"><span style=\"color: #ffffff;\">03 \/<\/span> <span class=\"light\" style=\"color: #fff; letter-spacing: 10px;\">AVIS DES CLIENTS<\/span><\/div>\n<p>[\/vc_column_text]<div class=\"clearboth\"><\/div><style>#thegem-divider-69edfc2f0c0ac {margin-top: 110px !important;}<\/style><div id=\"thegem-divider-69edfc2f0c0ac\" class=\"gem-divider  \" style=\"\" ><\/div><div class=\"preloader\"><div class=\"preloader-spin\"><\/div><\/div><div class=\"size-medium style1 gem-testimonials fullwidth-block\" style=background-color:> <div id=\"post-31031\" class=\"gem-testimonial-item post-31031 thegem_testimonial type-thegem_testimonial status-publish\"> <div class=\"gem-testimonial-wrapper \"> <div class=\"gem-testimonial-image\"> <\/div> <div class=\"gem-testimonial-content\"> <div class=\"gem-testimonial-text\" > <p>J\u2019ai pass\u00e9 les meilleures vacances de ma vie. J\u2019aimerais y passer le restant de mes jours!<\/p> <\/div> <\/div> <\/div> <\/div> <div id=\"post-31032\" class=\"gem-testimonial-item post-31032 thegem_testimonial type-thegem_testimonial status-publish\"> <div class=\"gem-testimonial-wrapper \"> <div class=\"gem-testimonial-image\"> <\/div> <div class=\"gem-testimonial-content\"> <div class=\"gem-testimonial-text\" > <p>Les plus beaux couchers de soleil de Gr\u00e8ce sont \u00e0 admirer depuis votre patio. Incroyable!<\/p> <\/div> <\/div> <\/div> <\/div> <div id=\"post-31033\" class=\"gem-testimonial-item post-31033 thegem_testimonial type-thegem_testimonial status-publish\"> <div class=\"gem-testimonial-wrapper \"> <div class=\"gem-testimonial-image\"> <\/div> <div class=\"gem-testimonial-content\"> <div class=\"gem-testimonial-text\" > <p>Vous avez la meilleure maison au bord de la mer. J\u2019ai \u00e9t\u00e9 vraiment impressionn\u00e9 par votre villa.<\/p> <\/div> <\/div> <\/div> <\/div> <div id=\"post-31034\" class=\"gem-testimonial-item post-31034 thegem_testimonial type-thegem_testimonial status-publish\"> <div class=\"gem-testimonial-wrapper \"> <div class=\"gem-testimonial-image\"> <\/div> <div class=\"gem-testimonial-content\"> <div class=\"gem-testimonial-text\" > <p>Chapeau \u00e0 la Villa Artemis! Vous m\u00e9ritez toute reconnaissance pour cette magnifique maison. Votre hospitalit\u00e9 a \u00e9t\u00e9 excellente!<\/p> <\/div> <\/div> <\/div> <\/div> <div class=\"testimonials_svg\"><svg style=\"fill: \" width=\"100\" height=\"50\"><path d=\"M 0,-1 Q 45,5 50,50 Q 55,5 100,-1\" \/><\/svg><\/div><\/div><\/div><\/div>[\/vc_column][\/vc_row]<\/p>\n<\/div>","protected":false},"excerpt":{"rendered":"<p>[vc_row full_width=\u00a0\u00bbstretch_row_content\u00a0\u00bb el_id=\u00a0\u00bblink\u00a0\u00bb css=\u00a0\u00bb.vc_custom_1552908701280{margin-top: -138px !important;background-color: #f2f2f2 !important;}\u00a0\u00bb][vc_column][vc_column_text css_animation=\u00a0\u00bbfadeIn\u00a0\u00bb] 01 \/ Hebergemen [\/vc_column_text][vc_row_inner css=\u00a0\u00bb.vc_custom_1548673278317{margin-top: 40px !important;}\u00a0\u00bb][vc_column_inner width=\u00a0\u00bb1\/3&Prime; css=\u00a0\u00bb.vc_custom_1548672310573{margin-top: 40px !important;}\u00a0\u00bb][vc_column_text&#8230;<\/p>\n","protected":false},"author":2,"featured_media":0,"parent":0,"menu_order":0,"comment_status":"closed","ping_status":"closed","template":"","meta":{"om_disable_all_campaigns":false,"_monsterinsights_skip_tracking":false,"_monsterinsights_sitenote_active":false,"_monsterinsights_sitenote_note":"","_monsterinsights_sitenote_category":0,"_uf_show_specific_survey":0,"_uf_disable_surveys":false,"footnotes":""},"class_list":["post-31071","page","type-page","status-publish"],"aioseo_notices":[],"_links":{"self":[{"href":"https:\/\/www.tinosvilla.gr\/fr\/wp-json\/wp\/v2\/pages\/31071","targetHints":{"allow":["GET"]}}],"collection":[{"href":"https:\/\/www.tinosvilla.gr\/fr\/wp-json\/wp\/v2\/pages"}],"about":[{"href":"https:\/\/www.tinosvilla.gr\/fr\/wp-json\/wp\/v2\/types\/page"}],"author":[{"embeddable":true,"href":"https:\/\/www.tinosvilla.gr\/fr\/wp-json\/wp\/v2\/users\/2"}],"replies":[{"embeddable":true,"href":"https:\/\/www.tinosvilla.gr\/fr\/wp-json\/wp\/v2\/comments?post=31071"}],"version-history":[{"count":16,"href":"https:\/\/www.tinosvilla.gr\/fr\/wp-json\/wp\/v2\/pages\/31071\/revisions"}],"predecessor-version":[{"id":31251,"href":"https:\/\/www.tinosvilla.gr\/fr\/wp-json\/wp\/v2\/pages\/31071\/revisions\/31251"}],"wp:attachment":[{"href":"https:\/\/www.tinosvilla.gr\/fr\/wp-json\/wp\/v2\/media?parent=31071"}],"curies":[{"name":"wp","href":"https:\/\/api.w.org\/{rel}","templated":true}]}}