{"id":31069,"date":"2019-03-18T11:44:45","date_gmt":"2019-03-18T09:44:45","guid":{"rendered":"https:\/\/www.tinosvilla.gr\/contact-reservation\/"},"modified":"2026-01-05T18:14:39","modified_gmt":"2026-01-05T16:14:39","slug":"contact-reservation","status":"publish","type":"page","link":"https:\/\/www.tinosvilla.gr\/fr\/contact-reservation\/","title":{"rendered":"CONTACT \/ RESERVATION"},"content":{"rendered":"<div class=\"wpb-content-wrapper\"><p>[vc_row full_width=\u00a0\u00bbstretch_row\u00a0\u00bb css=\u00a0\u00bb.vc_custom_1548947842981{margin-top: -80px !important;}\u00a0\u00bb][vc_column css_animation=\u00a0\u00bbfadeIn\u00a0\u00bb][vc_column_text css_animation=\u00a0\u00bbfadeIn\u00a0\u00bb]<\/p>\n<h2 style=\"text-align: center;\"><span style=\"color: #2f445e;\">CONTACT &#8211; RESERVATION<\/span><\/h2>\n<p>[\/vc_column_text][vc_column_text css=\u00a0\u00bb.vc_custom_1706358996572{margin-bottom: 32px !important;}\u00a0\u00bb css_animation=\u00a0\u00bbfadeIn\u00a0\u00bb]<\/p>\n<h3 style=\"text-align: center;\"><span style=\"color: #2f445e;\">PRIX JUSQU\u2019A 9 PERSONNES \/ JOUR<br \/>\n<\/span><\/h3>\n<p style=\"text-align: center;\">25,00 \u20ac extra par personne \/ <span class=\"Y2IQFc\" lang=\"fr\">plus de 9 personnes<\/span><\/p>\n<p>[\/vc_column_text]<div class=\"pricing-table row inline-row inline-row-center pricing-table-style-1 button-icon-default\" >\n\t<div class=\"pricing-column-wrapper col-md-4 col-sm-4 col-xs-6  inline-column\"><div class=\"pricing-column\">\n\t <div class=\"pricing-price-row  \"  style=\" background-color: #2f445e; \">\n\n\t\t<div class=\"pricing-price-title-wrapper\">\n\t\t<div   class=\"pricing-price-title\">1<\/div>\n\t\t<div  class=\"pricing-price-subtitle\"><\/div>\n\t\t<\/div>\n\n\t\t<div class=\"pricing-price-wrapper\"><div class=\"pricing-price\" style=\" background-color: #2f445e; \"><div style=\" \" class=\"pricing-cost\">\u20ac450<\/div><\/div><\/div><svg style='fill:#2f445e' class=\"wrap-style\"><use xlink:href=https:\/\/www.tinosvilla.gr\/wp-content\/themes\/thegem\/css\/post-arrow.svg#dec-post-arrow \/><\/use><\/svg><\/div><figure class=\"pricing-row\"><\/p>\n<p style=\"text-align: center;\"><span style=\"color: #5f727f;\">1er Novembre &#8211; 30 Avril<\/span><\/p>\n<p><\/figure><\/div><\/div>\n\t<div class=\"pricing-column-wrapper col-md-4 col-sm-4 col-xs-6  inline-column\"><div class=\"pricing-column\">\n\t <div class=\"pricing-price-row  \"  style=\" background-color: #2f445e; \">\n\n\t\t<div class=\"pricing-price-title-wrapper\">\n\t\t<div   class=\"pricing-price-title\">2<\/div>\n\t\t<div  class=\"pricing-price-subtitle\"><\/div>\n\t\t<\/div>\n\n\t\t<div class=\"pricing-price-wrapper\"><div class=\"pricing-price\" style=\" background-color: #2f445e; \"><div style=\" \" class=\"pricing-cost\">\u20ac550<\/div><\/div><\/div><svg style='fill:#2f445e' class=\"wrap-style\"><use xlink:href=https:\/\/www.tinosvilla.gr\/wp-content\/themes\/thegem\/css\/post-arrow.svg#dec-post-arrow \/><\/use><\/svg><\/div><figure class=\"pricing-row\"><\/p>\n<p style=\"text-align: center;\"><span style=\"color: #5f727f;\">1er Mai- 15 Juin<\/span><\/p>\n<p><\/figure><\/div><\/div>\n\t<div class=\"pricing-column-wrapper col-md-4 col-sm-4 col-xs-6  inline-column\"><div class=\"pricing-column\">\n\t <div class=\"pricing-price-row  \"  style=\" background-color: #2f445e; \">\n\n\t\t<div class=\"pricing-price-title-wrapper\">\n\t\t<div   class=\"pricing-price-title\">3<\/div>\n\t\t<div  class=\"pricing-price-subtitle\"><\/div>\n\t\t<\/div>\n\n\t\t<div class=\"pricing-price-wrapper\"><div class=\"pricing-price\" style=\" background-color: #2f445e; \"><div style=\" \" class=\"pricing-cost\">\u20ac600<\/div><\/div><\/div><svg style='fill:#2f445e' class=\"wrap-style\"><use xlink:href=https:\/\/www.tinosvilla.gr\/wp-content\/themes\/thegem\/css\/post-arrow.svg#dec-post-arrow \/><\/use><\/svg><\/div><figure class=\"pricing-row\"><\/p>\n<p style=\"text-align: center;\"><span style=\"color: #5f727f;\">16 Juin \u2013 15 Juillet<\/span><\/p>\n<p><\/figure><\/div><\/div><\/div>[\/vc_column][\/vc_row][vc_row][vc_column][vc_separator color=\u00a0\u00bbcustom\u00a0\u00bb el_width=\u00a0\u00bb50&Prime; accent_color=\u00a0\u00bb#435c7e\u00a0\u00bb][\/vc_column][\/vc_row][vc_row full_width=\u00a0\u00bbstretch_row\u00a0\u00bb css=\u00a0\u00bb.vc_custom_1548947829798{margin-top: -80px !important;}\u00a0\u00bb][vc_column css_animation=\u00a0\u00bbfadeIn\u00a0\u00bb]<div class=\"pricing-table row inline-row inline-row-center pricing-table-style-1 button-icon-default\" >\n\t<div class=\"pricing-column-wrapper col-md-4 col-sm-4 col-xs-6  inline-column\"><div class=\"pricing-column\">\n\t <div class=\"pricing-price-row  \"  style=\" background-color: #2f445e; \">\n\n\t\t<div class=\"pricing-price-title-wrapper\">\n\t\t<div   class=\"pricing-price-title\">4<\/div>\n\t\t<div  class=\"pricing-price-subtitle\"><\/div>\n\t\t<\/div>\n\n\t\t<div class=\"pricing-price-wrapper\"><div class=\"pricing-price\" style=\" background-color: #2f445e; \"><div style=\" \" class=\"pricing-cost\">\u20ac700<\/div><\/div><\/div><svg style='fill:#2f445e' class=\"wrap-style\"><use xlink:href=https:\/\/www.tinosvilla.gr\/wp-content\/themes\/thegem\/css\/post-arrow.svg#dec-post-arrow \/><\/use><\/svg><\/div><figure class=\"pricing-row\"><\/p>\n<p style=\"text-align: center;\"><span style=\"color: #5f727f;\">16 Juillet \u2013 31 Ao\u00fbt<\/span><\/p>\n<p><\/figure><\/div><\/div>\n\t<div class=\"pricing-column-wrapper col-md-4 col-sm-4 col-xs-6  inline-column\"><div class=\"pricing-column\">\n\t <div class=\"pricing-price-row  \"  style=\" background-color: #2f445e; \">\n\n\t\t<div class=\"pricing-price-title-wrapper\">\n\t\t<div   class=\"pricing-price-title\">5<\/div>\n\t\t<div  class=\"pricing-price-subtitle\"><\/div>\n\t\t<\/div>\n\n\t\t<div class=\"pricing-price-wrapper\"><div class=\"pricing-price\" style=\" background-color: #2f445e; \"><div style=\" \" class=\"pricing-cost\">\u20ac600<\/div><\/div><\/div><svg style='fill:#2f445e' class=\"wrap-style\"><use xlink:href=https:\/\/www.tinosvilla.gr\/wp-content\/themes\/thegem\/css\/post-arrow.svg#dec-post-arrow \/><\/use><\/svg><\/div><figure class=\"pricing-row\"><\/p>\n<p style=\"text-align: center;\"><span style=\"color: #5f727f;\">1 Septembre \u2013 15 Septembre<\/span><\/p>\n<p><\/figure><\/div><\/div>\n\t<div class=\"pricing-column-wrapper col-md-4 col-sm-4 col-xs-6  inline-column\"><div class=\"pricing-column\">\n\t <div class=\"pricing-price-row  \"  style=\" background-color: #2f445e; \">\n\n\t\t<div class=\"pricing-price-title-wrapper\">\n\t\t<div   class=\"pricing-price-title\">6<\/div>\n\t\t<div  class=\"pricing-price-subtitle\"><\/div>\n\t\t<\/div>\n\n\t\t<div class=\"pricing-price-wrapper\"><div class=\"pricing-price\" style=\" background-color: #2f445e; \"><div style=\" \" class=\"pricing-cost\">\u20ac550<\/div><\/div><\/div><svg style='fill:#2f445e' class=\"wrap-style\"><use xlink:href=https:\/\/www.tinosvilla.gr\/wp-content\/themes\/thegem\/css\/post-arrow.svg#dec-post-arrow \/><\/use><\/svg><\/div><figure class=\"pricing-row\"><\/p>\n<p style=\"text-align: center;\"><span style=\"color: #5f727f;\">16 Septembre \u2013 31 Octobre<\/span><\/p>\n<p><\/figure><\/div><\/div><\/div>[\/vc_column][\/vc_row][vc_row][vc_column][vc_column_text css=\u00a0\u00bb.vc_custom_1548947742879{margin-bottom: 32px !important;}\u00a0\u00bb css_animation=\u00a0\u00bbfadeIn\u00a0\u00bb]<\/p>\n<h2 style=\"text-align: center;\">FORMULAIRE DE CONTACT &#8211; RESERVATION<\/h2>\n<p>[\/vc_column_text]\n<div class=\"wpcf7 no-js\" id=\"wpcf7-f31119-o1\" lang=\"en-US\" dir=\"ltr\" data-wpcf7-id=\"31119\">\n<div class=\"screen-reader-response\"><p role=\"status\" aria-live=\"polite\" aria-atomic=\"true\"><\/p> <ul><\/ul><\/div>\n<form action=\"\/fr\/wp-json\/wp\/v2\/pages\/31069#wpcf7-f31119-o1\" method=\"post\" class=\"wpcf7-form init\" aria-label=\"Contact form\" novalidate=\"novalidate\" data-status=\"init\">\n<fieldset class=\"hidden-fields-container\"><input type=\"hidden\" name=\"_wpcf7\" value=\"31119\" \/><input type=\"hidden\" name=\"_wpcf7_version\" value=\"6.1.4\" \/><input type=\"hidden\" name=\"_wpcf7_locale\" value=\"en_US\" \/><input type=\"hidden\" name=\"_wpcf7_unit_tag\" value=\"wpcf7-f31119-o1\" \/><input type=\"hidden\" name=\"_wpcf7_container_post\" value=\"0\" \/><input type=\"hidden\" name=\"_wpcf7_posted_data_hash\" value=\"\" \/><input type=\"hidden\" name=\"_wpcf7_recaptcha_response\" value=\"\" \/>\n<\/fieldset>\n<div class=\"contact-form-style-2\">\n<p class=\"cf-style2-title\"><span class=\"wpcf7-form-control-wrap\" data-name=\"Title\"><select class=\"wpcf7-form-control wpcf7-select wpcf7-validates-as-required gem-combobox\" aria-required=\"true\" aria-invalid=\"false\" name=\"Title\"><option value=\"Mr\">Mr<\/option><option value=\"Mrs\">Mrs<\/option><option value=\"Miss\">Miss<\/option><option value=\"Ms\">Ms<\/option><option value=\"Dr\">Dr<\/option><\/select><\/span><\/p>\n\n<p class=\"cf-style2-text\"><span class=\"wpcf7-form-control-wrap\" data-name=\"nameperson\"><input size=\"40\" maxlength=\"30\" class=\"wpcf7-form-control wpcf7-text wpcf7-validates-as-required\" aria-required=\"true\" aria-invalid=\"false\" placeholder=\"Pr\u00e9nom*\" value=\"\" type=\"text\" name=\"nameperson\" \/><\/span><\/p>\n\n<p class=\"cf-style2-phone\"><span class=\"wpcf7-form-control-wrap\" data-name=\"phone\"><input size=\"40\" maxlength=\"30\" class=\"wpcf7-form-control wpcf7-tel wpcf7-validates-as-required wpcf7-text wpcf7-validates-as-tel\" aria-required=\"true\" aria-invalid=\"false\" placeholder=\"Ton t\u00e9l\u00e9phone*\" value=\"\" type=\"tel\" name=\"phone\" \/><\/span><\/p>\n\n<p class=\"cf-style2-email\"><span class=\"wpcf7-form-control-wrap\" data-name=\"email\"><input size=\"40\" maxlength=\"30\" class=\"wpcf7-form-control wpcf7-email wpcf7-validates-as-required wpcf7-text wpcf7-validates-as-email\" aria-required=\"true\" aria-invalid=\"false\" placeholder=\"Email*\" value=\"\" type=\"email\" name=\"email\" \/><\/span><\/p>\n\n<p class=\"cf-style2-adreess\"><span class=\"wpcf7-form-control-wrap\" data-name=\"Etats-Unis\"><select class=\"wpcf7-form-control wpcf7-select wpcf7-validates-as-required gem-combobox\" aria-required=\"true\" aria-invalid=\"false\" name=\"Etats-Unis\"><option value=\"USA\">USA<\/option><option value=\"United Kingdom\">United Kingdom<\/option><option value=\"European Union\">European Union<\/option><option value=\"China\">China<\/option><option value=\"India\">India<\/option><option value=\"Australia\">Australia<\/option><\/select><\/span><\/p>\n\n<p><h5><span style=\"text-transform: capitalize;   letter-spacing: 0;\" class='light'>Date d\u2019arriv\u00e9e<\/span><\/h5><\/p>\n\n<span class=\"wpcf7-form-control-wrap\" data-name=\"date-826\"><input class=\"wpcf7-form-control wpcf7-date wpcf7-validates-as-required wpcf7-validates-as-date\" aria-required=\"true\" aria-invalid=\"false\" value=\"\" type=\"date\" name=\"date-826\" \/><\/span>\n\n<p><h5><span style=\"text-transform: capitalize;   letter-spacing: 0;\" class='light'>Date de d\u00e9part<\/span><\/h5><\/p>\n\n<span class=\"wpcf7-form-control-wrap\" data-name=\"date-129\"><input class=\"wpcf7-form-control wpcf7-date wpcf7-validates-as-required wpcf7-validates-as-date\" aria-required=\"true\" aria-invalid=\"false\" value=\"\" type=\"date\" name=\"date-129\" \/><\/span>\n\n<p><h5><span style=\"text-transform: capitalize;   letter-spacing: 0;\" class='light'>Personnes s\u00e9journant <\/span><\/h5><\/p>\n\n<p class=\"cf-style2-checkbox\"><span class=\"wpcf7-form-control-wrap\" data-name=\"ScopesOfInterests:\"><span class=\"wpcf7-form-control wpcf7-checkbox wpcf7-validates-as-required wpcf7-exclusive-checkbox gem-checkbox\"><span class=\"wpcf7-list-item first\"><label><input type=\"checkbox\" name=\"ScopesOfInterests:\" value=\"2\" \/><span class=\"wpcf7-list-item-label\">2<\/span><\/label><\/span><span class=\"wpcf7-list-item\"><label><input type=\"checkbox\" name=\"ScopesOfInterests:\" value=\"3\" \/><span class=\"wpcf7-list-item-label\">3<\/span><\/label><\/span><span class=\"wpcf7-list-item\"><label><input type=\"checkbox\" name=\"ScopesOfInterests:\" value=\"4\" \/><span class=\"wpcf7-list-item-label\">4<\/span><\/label><\/span><span class=\"wpcf7-list-item\"><label><input type=\"checkbox\" name=\"ScopesOfInterests:\" value=\"5\" \/><span class=\"wpcf7-list-item-label\">5<\/span><\/label><\/span><span class=\"wpcf7-list-item\"><label><input type=\"checkbox\" name=\"ScopesOfInterests:\" value=\"6\" \/><span class=\"wpcf7-list-item-label\">6<\/span><\/label><\/span><span class=\"wpcf7-list-item\"><label><input type=\"checkbox\" name=\"ScopesOfInterests:\" value=\"7\" \/><span class=\"wpcf7-list-item-label\">7<\/span><\/label><\/span><span class=\"wpcf7-list-item\"><label><input type=\"checkbox\" name=\"ScopesOfInterests:\" value=\"8\" \/><span class=\"wpcf7-list-item-label\">8<\/span><\/label><\/span><span class=\"wpcf7-list-item\"><label><input type=\"checkbox\" name=\"ScopesOfInterests:\" value=\"9\" \/><span class=\"wpcf7-list-item-label\">9<\/span><\/label><\/span><span class=\"wpcf7-list-item last\"><label><input type=\"checkbox\" name=\"ScopesOfInterests:\" value=\"10\" \/><span class=\"wpcf7-list-item-label\">10<\/span><\/label><\/span><\/span><\/span><\/p>\n\n<p class=\"cf-style2-textarea\"><span class=\"wpcf7-form-control-wrap\" data-name=\"Message\"><textarea cols=\"40\" rows=\"10\" maxlength=\"300\" class=\"wpcf7-form-control wpcf7-textarea wpcf7-validates-as-required\" aria-required=\"true\" aria-invalid=\"false\" placeholder=\"Message\" name=\"Message\"><\/textarea><\/span><\/p>\n\n<span class=\"wpcf7-form-control-wrap\" data-name=\"checkbox-318\"><span class=\"wpcf7-form-control wpcf7-checkbox wpcf7-validates-as-required wpcf7-exclusive-checkbox gem-checkbox\"><span class=\"wpcf7-list-item first last\"><input type=\"checkbox\" name=\"checkbox-318\" value=\"Je suis d\u2019accord avec l\u2019utilisation des donn\u00e9es personnelles contenues dans ce formulaire de contact\" \/><span class=\"wpcf7-list-item-label\">Je suis d\u2019accord avec l\u2019utilisation des donn\u00e9es personnelles contenues dans ce formulaire de contact<\/span><\/span><\/span><\/span>\n\n<input class=\"wpcf7-form-control wpcf7-submit has-spinner\" type=\"submit\" value=\"Soumettre une r\u00e9servation\" \/>\n<\/div><div class=\"wpcf7-response-output\" aria-hidden=\"true\"><\/div>\n<\/form>\n<\/div>\n[\/vc_column][\/vc_row][vc_row full_width=\u00a0\u00bbstretch_row_content\u00a0\u00bb css=\u00a0\u00bb.vc_custom_1549557447801{margin-bottom: -12px !important;background-color: #2f445e !important;}\u00a0\u00bb][vc_column][vc_column_text]<\/p>\n<p style=\"text-align: right;\"><span style=\"color: #ffffff;\">PRN (num\u00e9ro d&rsquo;enregistrement de propri\u00e9t\u00e9 de la base de donn\u00e9es nationale): 00000546707<\/span><\/p>\n<p>[\/vc_column_text][\/vc_column][\/vc_row][vc_row full_width=\u00a0\u00bbstretch_row_content_no_spaces\u00a0\u00bb css_animation=\u00a0\u00bbfadeIn\u00a0\u00bb css=\u00a0\u00bb.vc_custom_1548948038659{margin-bottom: -128px !important;}\u00a0\u00bb][vc_column][vc_gmaps link=\u00a0\u00bb#E-8_JTNDaWZyYW1lJTIwc3JjJTNEJTIyaHR0cHMlM0ElMkYlMkZ3d3cuZ29vZ2xlLmNvbSUyRm1hcHMlMkZlbWJlZCUzRnBiJTNEJTIxMW0xOCUyMTFtMTIlMjExbTMlMjExZDEyNjUwLjgwMzQ2NzcwMTQxJTIxMmQyNS4xMDIxMDYzODU0NzE4NCUyMTNkMzcuNTYyMTEwODU3NTMzMTklMjEybTMlMjExZjAlMjEyZjAlMjEzZjAlMjEzbTIlMjExaTEwMjQlMjEyaTc2OCUyMTRmMTMuMSUyMTNtMyUyMTFtMiUyMTFzMHgwJTI1M0EweDAlMjEyek16ZkNzRE16SnpRekxqWWlUaUF5TmNLd01EWW5Nemt1TVNKRiUyMTVlMCUyMTNtMiUyMTFzZW4lMjEyc2dyJTIxNHYxNTQ4OTQ3MDM2MjgxJTIyJTIwd2lkdGglM0QlMjI2MDAlMjIlMjBoZWlnaHQlM0QlMjI0NTAlMjIlMjBmcmFtZWJvcmRlciUzRCUyMjAlMjIlMjBzdHlsZSUzRCUyMmJvcmRlciUzQTAlMjIlMjBhbGxvd2Z1bGxzY3JlZW4lM0UlM0MlMkZpZnJhbWUlM0U=\u00a0\u00bb size=\u00a0\u00bb350&Prime; disable_scroll=\u00a0\u00bb1&Prime;][\/vc_column][\/vc_row]<\/p>\n<\/div>","protected":false},"excerpt":{"rendered":"<p>[vc_row full_width=\u00a0\u00bbstretch_row\u00a0\u00bb css=\u00a0\u00bb.vc_custom_1548947842981{margin-top: -80px !important;}\u00a0\u00bb][vc_column css_animation=\u00a0\u00bbfadeIn\u00a0\u00bb][vc_column_text css_animation=\u00a0\u00bbfadeIn\u00a0\u00bb] CONTACT &#8211; RESERVATION [\/vc_column_text][vc_column_text css=\u00a0\u00bb.vc_custom_1706358996572{margin-bottom: 32px !important;}\u00a0\u00bb css_animation=\u00a0\u00bbfadeIn\u00a0\u00bb] PRIX JUSQU\u2019A 9 PERSONNES \/&#8230;<\/p>\n","protected":false},"author":2,"featured_media":0,"parent":0,"menu_order":0,"comment_status":"closed","ping_status":"closed","template":"","meta":{"om_disable_all_campaigns":false,"_monsterinsights_skip_tracking":false,"_monsterinsights_sitenote_active":false,"_monsterinsights_sitenote_note":"","_monsterinsights_sitenote_category":0,"_uf_show_specific_survey":0,"_uf_disable_surveys":false,"footnotes":""},"class_list":["post-31069","page","type-page","status-publish"],"aioseo_notices":[],"_links":{"self":[{"href":"https:\/\/www.tinosvilla.gr\/fr\/wp-json\/wp\/v2\/pages\/31069","targetHints":{"allow":["GET"]}}],"collection":[{"href":"https:\/\/www.tinosvilla.gr\/fr\/wp-json\/wp\/v2\/pages"}],"about":[{"href":"https:\/\/www.tinosvilla.gr\/fr\/wp-json\/wp\/v2\/types\/page"}],"author":[{"embeddable":true,"href":"https:\/\/www.tinosvilla.gr\/fr\/wp-json\/wp\/v2\/users\/2"}],"replies":[{"embeddable":true,"href":"https:\/\/www.tinosvilla.gr\/fr\/wp-json\/wp\/v2\/comments?post=31069"}],"version-history":[{"count":12,"href":"https:\/\/www.tinosvilla.gr\/fr\/wp-json\/wp\/v2\/pages\/31069\/revisions"}],"predecessor-version":[{"id":31479,"href":"https:\/\/www.tinosvilla.gr\/fr\/wp-json\/wp\/v2\/pages\/31069\/revisions\/31479"}],"wp:attachment":[{"href":"https:\/\/www.tinosvilla.gr\/fr\/wp-json\/wp\/v2\/media?parent=31069"}],"curies":[{"name":"wp","href":"https:\/\/api.w.org\/{rel}","templated":true}]}}