{"id":31039,"date":"2019-03-18T11:24:00","date_gmt":"2019-03-18T09:24:00","guid":{"rendered":"https:\/\/www.tinosvilla.gr\/a-propos-de-villa-akrivi\/"},"modified":"2020-09-14T10:55:11","modified_gmt":"2020-09-14T07:55:11","slug":"a-propos-de-villa-akrivi","status":"publish","type":"page","link":"https:\/\/www.tinosvilla.gr\/fr\/a-propos-de-villa-akrivi\/","title":{"rendered":"A PROPOS DE VILLA AKRIVI"},"content":{"rendered":"<div class=\"wpb-content-wrapper\"><p>[vc_row full_width=\u00a0\u00bbstretch_row\u00a0\u00bb css=\u00a0\u00bb.vc_custom_1548933139148{margin-top: -80px !important;margin-bottom: -80px !important;}\u00a0\u00bb][vc_column][vc_column_text css_animation=\u00a0\u00bbfadeIn\u00a0\u00bb]<\/p>\n<h2 style=\"text-align: center;\">A PROPOS DE VILLA AKRIVI<\/h2>\n<p>[\/vc_column_text][vc_empty_space height=\u00a0\u00bb16px\u00a0\u00bb][vc_column_text css_animation=\u00a0\u00bbfadeIn\u00a0\u00bb]<\/p>\n<p><center><iframe src=\"https:\/\/www.youtube.com\/embed\/MsMoYJjwvps\" width=\"1240\" height=\"698\" frameborder=\"0\" allowfullscreen=\"allowfullscreen\"><\/iframe><\/center>[\/vc_column_text][vc_column_text css_animation=\u00a0\u00bbfadeIn\u00a0\u00bb]Villa Akrivi est une villa de 5 chambres, 3 salles de bain et 1 WC, spacieuse, r\u00e9cemment r\u00e9nov\u00e9e et situ\u00e9e sur l\u2019\u00eele de Tinos. Elle est proche du centre-ville (\u00e0 12 min en voiture seulement) tout en donnant l\u2019impression d\u2019\u00eatre isol\u00e9e du reste du monde, dans la nature, au bord de la mer Eg\u00e9e. C\u2019est l\u2019endroit id\u00e9al pour profiter du merveilleux soleil grec, des plages, de la culture et de l\u2019art grec, sous l\u2019agr\u00e9able brise de la mer Eg\u00e9e. Nagez dans la grande piscine d\u2019eau de mer priv\u00e9e de 12x6m, d\u00e9tendez-vous sur les chaises longues, ou \u00e0 l\u2019ombre des confortables pergolas. La vue de la Villa Akrivi est \u00e0 couper le souffle: le bleu de la mer Eg\u00e9e et le ciel \u00e0 perte de vue, encadr\u00e9s par les \u00eeles de Syros et Gyaros au sud et \u00e0 l\u2019ouest, et par quelques collines au nord. Admirez la vue magnifique au petit-d\u00e9jeuner sur la longue table de la terrasse ombrag\u00e9e au premier \u00e9tage ou sur la table en pierre pr\u00e8s de la piscine. Glissez-vous avec votre livre dans un coin ombrag\u00e9 \u00e0 midi. Ou encore, admirez les superbes couleurs du coucher de soleil depuis le salon confortable sur la terrasse du premier \u00e9tage.<\/p>\n<p>La maison est situ\u00e9e sur une petite p\u00e9ninsule de 15.000 m2, \u00e0 6 km au nord du port de Tinos, sur un terrain priv\u00e9 de 5.000 m2, orient\u00e9 \u00e0 l\u2019ouest et \u00e0 quelques m\u00e8tres de la mer. Les lieux sont tr\u00e8s calmes et la r\u00e9sidence est spectaculaire et confortable, avec une vue de plus de 180 degr\u00e9s sur la mer Eg\u00e9e et les \u00eeles voisines de Syros et Gyaros. Lorsque l\u2019atmosph\u00e8re est d\u00e9gag\u00e9e, ce qui est la plupart du temps en \u00e9t\u00e9, il est possible d\u2019apercevoir les \u00eeles de Paros, Naxos, Kythnos et K\u00e9a. Au coucher du soleil, la vue devient absolument magnifique et la ville se transforme en v\u00e9ritable point de vue (voir les photos ci-jointes).<\/p>\n<p>Une villa construite fid\u00e8lement \u00e0 l\u2019architecture cycladique traditionnelle, dans un style minimaliste mais \u00e9l\u00e9gant et intemporel, avec un mobilier choisi avec soin et une d\u00e9coration \u00e9clectique. Ayez le sentiment d\u2019\u00eatre seul au monde avec vos proches, en vous d\u00e9tendant au bord de la piscine et en admirant les vues panoramiques les plus \u00e9poustouflantes sur la mer et jusqu\u2019aux \u00eeles voisines.<\/p>\n<p>La Villa a \u00e9t\u00e9 construite juste au bord de la mer, sur deux niveaux. <strong>L\u2019int\u00e9rieur et l\u2019ext\u00e9rieur de la villa ont \u00e9t\u00e9 enti\u00e8rement r\u00e9nov\u00e9s en 2018. De nouveaux meubles \u00e9clectiques et des matelas ont \u00e9t\u00e9 ajout\u00e9s en 2019<\/strong>.<\/p>\n<p>La Villa Akrivi peut ais\u00e9ment accueillir jusqu\u2019\u00e0 10 personnes. Il y a deux chambres donnant sur la mer Eg\u00e9e \u00e0 l\u2019\u00e9tage, ainsi qu\u2019une troisi\u00e8me chambre donnant sur le jardin avec une porte qui ouvre sur une terrasse ombrag\u00e9e. La chambre principale dispose d\u2019une salle de bain priv\u00e9e. Une deuxi\u00e8me salle de bain et WC se trouvent \u00e0 l\u2019\u00e9tage. Les deux autres chambres donnant sur le jardin, la grande piscine et la mer Eg\u00e9e, avec leur propre salle de bain et entr\u00e9e s\u00e9par\u00e9e, sont situ\u00e9es au niveau inf\u00e9rieur de la maison. Les espaces de vie modernes et pratiques, tels que les cuisines modernes enti\u00e8rement \u00e9quip\u00e9es (une \u00e0 chaque \u00e9tage), les salles de bain confortables, la salle \u00e0 manger et le salon avec chemin\u00e9e, sont soigneusement meubl\u00e9s et d\u00e9cor\u00e9s d\u2019\u0153uvres d\u2019art authentiques, de meubles anciens et de marbre luxueux travaill\u00e9 \u00e0 la main.<\/p>\n<p>Profitez du soleil grec dans notre grande piscine priv\u00e9e et salons ext\u00e9rieurs confortables. L\u2019eau de mer cristalline de la large piscine (12x6m) nettoy\u00e9e chaque jour vous invite \u00e0 y plonger. D\u00e9tendez-vous sur les chaises longues, sirotez une boisson rafra\u00eechissante au bar de la piscine, ou installez-vous \u00e0 l\u2019ombre du salon au bord de la piscine.<\/p>\n<p>Prenez votre d\u00e9jeuner dans le salon ombrag\u00e9 pr\u00e8s de la cuisine, entour\u00e9 de bougainvilliers et d\u2019autres plantes aromatiques locales.<\/p>\n<p>Au cours de la journ\u00e9e, laissez-vous enchanter par les odeurs de la M\u00e9diterran\u00e9e lors d\u2019une promenade autour de la villa. Le soir, asseyez-vous et regardez les lumi\u00e8res isol\u00e9es de Syros au loin, entour\u00e9 uniquement des bruits de la nature et d\u2019un oc\u00e9an d\u2019\u00e9toiles au-dessus de vous.<\/p>\n<p>La villa poss\u00e8de une plage priv\u00e9e de 150m, mi-rocheuse mi-sablonneuse, et d\u2019un petit golf avec des galets. Il est possible de nager dans les eaux chaudes et claires autour de la propri\u00e9t\u00e9. A une centaine de m\u00e8tres au sud se trouve un autre golf plus large dot\u00e9 d\u2019une plage essentiellement sablonneuse. A 500 m\u00e8tres \u00e0 pied environ, au nord, se situe le village d\u2019Agios Romanos avec sa magnifique et vaste plage sablonneuse de plus de 300m de long. Une partie de la plage (50m environ) est am\u00e9nag\u00e9e de parasols, chaises longues et d\u2019un bar de plage. Aux deux extr\u00e9mit\u00e9s de la plage se trouvent un restaurant et un bar confortables.[\/vc_column_text][vc_row_inner][vc_column_inner width=\u00a0\u00bb1\/2&Prime;]<style type=\"text\/css\">.thegem-button-69ee13f557aab3488.lazy-loading-before-start-animation .lazy-loading-item {opacity: 0;} body.thegem-effects-disabled .thegem-button-69ee13f557aab3488.lazy-loading-before-start-animation .lazy-loading-item {opacity: 1;}<\/style><style type=\"text\/css\">.thegem-button-69ee13f557aab3488 .gem-button svg {fill: #435c7e;}.thegem-button-69ee13f557aab3488 .gem-button:hover svg {fill: #ffffff;}<\/style><div class=\"gem-button-container gem-button-position-center thegem-button-69ee13f557aab3488     lazy-loading lazy-loading-before-start-animation\"  ><a class=\"gem-button gem-button-size-large gem-button-style-outline gem-button-text-weight-thin gem-button-border-2 lazy-loading-item\" data-ll-effect=\"drop-right-without-wrap\" style=\"border-radius: 3px;border-color: #435c7e;color: #435c7e;\" onmouseleave=\"this.style.borderColor='#435c7e';this.style.backgroundColor='transparent';this.style.color='#435c7e';\" onmouseenter=\"this.style.backgroundColor='#435c7e';this.style.color='#ffffff';\" href=\"\/fr\/hebergement\/\" target=\"_self\">H\u00c9BERGEMENT<\/a><\/div> [\/vc_column_inner][vc_column_inner width=\u00a0\u00bb1\/2&Prime;]<style type=\"text\/css\">.thegem-button-69ee13f557b4a7967.lazy-loading-before-start-animation .lazy-loading-item {opacity: 0;} body.thegem-effects-disabled .thegem-button-69ee13f557b4a7967.lazy-loading-before-start-animation .lazy-loading-item {opacity: 1;}<\/style><style type=\"text\/css\">.thegem-button-69ee13f557b4a7967 .gem-button svg {fill: #435c7e;}.thegem-button-69ee13f557b4a7967 .gem-button:hover svg {fill: #ffffff;}<\/style><div class=\"gem-button-container gem-button-position-center thegem-button-69ee13f557b4a7967     lazy-loading lazy-loading-before-start-animation\"  ><a class=\"gem-button gem-button-size-large gem-button-style-outline gem-button-text-weight-thin gem-button-border-2 lazy-loading-item\" data-ll-effect=\"drop-right-without-wrap\" style=\"border-radius: 3px;border-color: #435c7e;color: #435c7e;\" onmouseleave=\"this.style.borderColor='#435c7e';this.style.backgroundColor='transparent';this.style.color='#435c7e';\" onmouseenter=\"this.style.backgroundColor='#435c7e';this.style.color='#ffffff';\" href=\"\/fr\/services-sur-mesure\/\" target=\"_self\">SERVICES SUR MESURE<\/a><\/div> [\/vc_column_inner][\/vc_row_inner][\/vc_column][\/vc_row]<\/p>\n<\/div>","protected":false},"excerpt":{"rendered":"<p>[vc_row full_width=\u00a0\u00bbstretch_row\u00a0\u00bb css=\u00a0\u00bb.vc_custom_1548933139148{margin-top: -80px !important;margin-bottom: -80px !important;}\u00a0\u00bb][vc_column][vc_column_text css_animation=\u00a0\u00bbfadeIn\u00a0\u00bb] A PROPOS DE VILLA AKRIVI [\/vc_column_text][vc_empty_space height=\u00a0\u00bb16px\u00a0\u00bb][vc_column_text css_animation=\u00a0\u00bbfadeIn\u00a0\u00bb] [\/vc_column_text][vc_column_text css_animation=\u00a0\u00bbfadeIn\u00a0\u00bb]Villa Akrivi est&#8230;<\/p>\n","protected":false},"author":2,"featured_media":0,"parent":0,"menu_order":0,"comment_status":"closed","ping_status":"closed","template":"","meta":{"om_disable_all_campaigns":false,"_monsterinsights_skip_tracking":false,"_monsterinsights_sitenote_active":false,"_monsterinsights_sitenote_note":"","_monsterinsights_sitenote_category":0,"_uf_show_specific_survey":0,"_uf_disable_surveys":false,"footnotes":""},"class_list":["post-31039","page","type-page","status-publish"],"aioseo_notices":[],"_links":{"self":[{"href":"https:\/\/www.tinosvilla.gr\/fr\/wp-json\/wp\/v2\/pages\/31039","targetHints":{"allow":["GET"]}}],"collection":[{"href":"https:\/\/www.tinosvilla.gr\/fr\/wp-json\/wp\/v2\/pages"}],"about":[{"href":"https:\/\/www.tinosvilla.gr\/fr\/wp-json\/wp\/v2\/types\/page"}],"author":[{"embeddable":true,"href":"https:\/\/www.tinosvilla.gr\/fr\/wp-json\/wp\/v2\/users\/2"}],"replies":[{"embeddable":true,"href":"https:\/\/www.tinosvilla.gr\/fr\/wp-json\/wp\/v2\/comments?post=31039"}],"version-history":[{"count":7,"href":"https:\/\/www.tinosvilla.gr\/fr\/wp-json\/wp\/v2\/pages\/31039\/revisions"}],"predecessor-version":[{"id":31300,"href":"https:\/\/www.tinosvilla.gr\/fr\/wp-json\/wp\/v2\/pages\/31039\/revisions\/31300"}],"wp:attachment":[{"href":"https:\/\/www.tinosvilla.gr\/fr\/wp-json\/wp\/v2\/media?parent=31039"}],"curies":[{"name":"wp","href":"https:\/\/api.w.org\/{rel}","templated":true}]}}